{"id":11,"date":"2015-06-05T09:40:39","date_gmt":"2015-06-05T08:40:39","guid":{"rendered":"https:\/\/www.pascal-camurat.com\/?page_id=11"},"modified":"2026-04-01T11:47:47","modified_gmt":"2026-04-01T09:47:47","slug":"accueil","status":"publish","type":"page","link":"https:\/\/www.pascal-camurat.com\/en\/","title":{"rendered":"Accueil"},"content":{"rendered":"<p><style>\r\n\/*===== general options =========*\/\r\na {\r\n    box-shadow: none !important;\r\n}\r\n\r\n.view *:not(i), .album_categories *, .album_back_button *, #album_disabled_layer {\r\n    font-family: sans-serif, Arial, Verdana, Sylfaen !important;\r\n}\r\n\r\n#album_disabled_layer {\r\n    display: none;\r\n    position: absolute;\r\n    width: 100%;\r\n    height: 100%;\r\n    text-align: center;\r\n    background-color: transparent;\r\n    z-index: 10;\r\n    padding-top: 20px;\r\n    color: #fff;\r\n}\r\n\r\n#album_list_container {\r\n    position: relative;\r\n}\r\n\r\n\/* ====================== album onhover styles ==========================*\/\r\n\r\n#album_list .view {\r\n    -webkit-box-sizing: border-box;\r\n    -moz-box-sizing: border-box;\r\n    -o-box-sizing: border-box;\r\n    display: none;\r\n\r\n}\r\n\r\n.view .mask,\r\n.view .content {\r\n    width: 100%;\r\n    height: 100%;\r\n    position: absolute;\r\n    overflow: hidden;\r\n    top: 0;\r\n    left: 0;\r\n}\r\n\r\n.view h2 {\r\n    text-transform: uppercase;\r\n    color: #fff;\r\n    text-align: center;\r\n    position: relative;\r\n    font-size: 17px;\r\n    font-family: Raleway, serif;\r\n    padding: 10px;\r\n    \/*background: rgba(0, 0, 0, 0.8);*\/\r\n    margin: 20px 0 0 0;\r\n\r\n}\r\n\r\n.album_back_button a, .view a {\r\n    text-decoration: none !important;\r\n}\r\n\r\n.view p {\r\n    font-family: Merriweather, serif;\r\n    font-style: italic;\r\n    font-size: 14px;\r\n    position: relative;\r\n    color: #fff;\r\n    padding: 0px 20px 0px;\r\n    text-align: center;\r\n\r\n}\r\n\r\n.view a.info {\r\n    display: inline-block;\r\n    text-decoration: none;\r\n    font-size: 13px;\r\n    padding: 2px 14px;\r\n    margin-bottom: 3px;\r\n    background: #000;\r\n    color: #fff;\r\n    font-family: Raleway, serif;\r\n    text-transform: uppercase;\r\n    box-shadow: 0 0 1px #000\r\n}\r\n\r\n.mask-text h2 {\r\n    font-size: 20px !important;\r\n}\r\n\r\n.view a.info:hover {\r\n    box-shadow: 0 0 5px #000\r\n}\r\n\r\n.view .mask-bg {\r\n    height: 100%;\r\n}\r\n\r\n.view .album_social {\r\n    color: #fff;\r\n    position: absolute;\r\n    bottom: 3px;\r\n    left: 3px;\r\n    border: 1px solid #ffffff;\r\n    -webkit-border-radius: 3px;\r\n    -moz-border-radius: 3px;\r\n    border-radius: 3px;\r\n    padding: 3px 5px;\r\n\r\n}\r\n\r\n.view .album_social:active, .view .album_social:focus, .view .album_social:hover {\r\n    color: #ffffff;\r\n    outline: none;\r\n}\r\n\r\n\/*1*\/\r\n\r\n.view .info {\r\n    margin-top: 5px;\r\n}\r\n\r\n.view-first .mask {\r\n    opacity: 0;\r\n    background-color: rgba(0, 0, 0, 0.7);\r\n    transition: all 0.4s ease-in-out;\r\n\r\n}\r\n\r\n.view-first h2 {\r\n    transform: translateY(-100px);\r\n    opacity: 0;\r\n    font-family: Raleway, serif;\r\n    transition: all 0.2s ease-in-out;\r\n}\r\n\r\n.view-first p {\r\n    transform: translateY(100px);\r\n    opacity: 0;\r\n    transition: all 0.2s linear;\r\n}\r\n\r\n.view-first a.info {\r\n    opacity: 0;\r\n    transition: all 0.2s ease-in-out;\r\n}\r\n\r\n\/* *\/\r\n\r\n.view-first:hover img {\r\n    \/*transform: scale(1.1);*\/\r\n}\r\n\r\n.view-first:hover .mask {\r\n    opacity: 1;\r\n}\r\n\r\n.view-first:hover h2,\r\n.view-first:hover p,\r\n.view-first:hover a.info {\r\n    opacity: 1;\r\n    transform: translateY(0px);\r\n}\r\n\r\n.view-first:hover p {\r\n    transition-delay: 0.1s;\r\n}\r\n\r\n.view-first:hover a.info {\r\n    transition-delay: 0.2s;\r\n}\r\n\r\n\/*2*\/\r\n.view-second img {\r\n    -webkit-filter: grayscale(0) blur(0);\r\n    filter: grayscale(0) blur(0);\r\n    -webkit-transition: .3s ease-in-out;\r\n    transition: .3s ease-in-out;\r\n}\r\n\r\n.view-second .mask {\r\n    background-color: rgba(226, 200, 127, 0.2);\r\n    transition: all 0.5s linear;\r\n    opacity: 0;\r\n}\r\n\r\n.view-second h2 {\r\n    background: transparent;\r\n    margin: 20px 40px 0px 40px;\r\n    transform: scale(0);\r\n    color: #333;\r\n    transition: all 0.5s linear;\r\n    opacity: 0;\r\n}\r\n\r\n.view-second p {\r\n    opacity: 0;\r\n    transform: scale(0);\r\n    transition: all 0.5s linear;\r\n}\r\n\r\n.view-second a.info {\r\n    opacity: 0;\r\n    transform: scale(0);\r\n    transition: all 0.5s linear;\r\n}\r\n\r\n.view-second:hover img {\r\n    -webkit-filter: grayscale(100%) blur(3px);\r\n    filter: grayscale(100%) blur(3px);\r\n}\r\n\r\n.view-second:hover .mask {\r\n    opacity: 1;\r\n}\r\n\r\n.view-second:hover h2,\r\n.view-second:hover p,\r\n.view-second:hover a.info {\r\n    transform: scale(1);\r\n    opacity: 1;\r\n}\r\n\r\n.view-second img {\r\n    -webkit-filter: grayscale(0) blur(0);\r\n    filter: grayscale(0) blur(0);\r\n    -webkit-transition: .3s ease-in-out;\r\n    transition: .3s ease-in-out;\r\n}\r\n\r\n.view-second:hover img {\r\n    -webkit-filter: grayscale(100%) blur(3px);\r\n    filter: grayscale(100%) blur(3px);\r\n}\r\n\r\n\/*3*\/\r\n\r\n.view-third img {\r\n    transform: scaleY(1);\r\n    transition: all .7s ease-in-out;\r\n}\r\n\r\n.view-third a.info {\r\n    opacity: 0;\r\n    transform: scale(0);\r\n    transition: all 0.5s linear;\r\n}\r\n\r\n.view-third:hover img {\r\n    -webkit-transform: scale(10);\r\n    transform: scale(10);\r\n    opacity: 0;\r\n}\r\n\r\n.view-third:hover .mask {\r\n    opacity: 1;\r\n}\r\n\r\n.view-third:hover h2,\r\n.view-third:hover p,\r\n.view-third:hover a.info {\r\n    transform: scale(1);\r\n    opacity: 1;\r\n}\r\n\r\n\/* ==== view 4 ===*\/\r\n\r\n.view-forth-wrapper {\r\n    overflow: hidden;\r\n    position: relative !important;\r\n    height: 100%;\r\n    \/* cursor: pointer;*\/\r\n}\r\n\r\n.view-forth img {\r\n    max-width: 100%;\r\n    position: relative;\r\n    top: 0;\r\n    -webkit-transition: all 600ms cubic-bezier(0.645, 0.045, 0.355, 1);\r\n    transition: all 600ms cubic-bezier(0.645, 0.045, 0.355, 1);\r\n}\r\n\r\n.view-forth .mask {\r\n    position: absolute;\r\n    width: 100%;\r\n    \/*    height: 70px;*\/\r\n    \/*    bottom: -70px;*\/\r\n    height: 50%;\r\n    bottom: -50%;\r\n    -webkit-transition: all 300ms cubic-bezier(0.645, 0.045, 0.355, 1);\r\n    transition: all 300ms cubic-bezier(0.645, 0.045, 0.355, 1);\r\n    top: inherit;\r\n}\r\n\r\n.view-forth:hover .mask {\r\n    bottom: 0;\r\n}\r\n\r\n.view-forth:hover img {\r\n    top: -30px;\r\n}\r\n\r\n\/*==  view 5 ==*\/\r\n\r\n.view-fifth .view-fifth-wrapper,\r\n.view-fifth .view-fifth-wrapper img {\r\n    display: block;\r\n    position: relative;\r\n}\r\n\r\n.view-fifth .view-fifth-wrapper {\r\n    overflow: hidden;\r\n    height: 100%;\r\n}\r\n\r\n.view-fifth .view-fifth-wrapper .mask {\r\n    display: none;\r\n    position: absolute;\r\n    background: #333;\r\n    background: rgba(75, 75, 75, 0.7);\r\n    width: 100%;\r\n    height: 100%;\r\n}\r\n\r\n\/* ====================== album category styles ==========================*\/\r\n\r\n#filters {\r\n    margin: 1% 0;\r\n    padding: 0;\r\n    list-style: none;\r\n    list-style-type: none !important;\r\n\r\n}\r\n\r\n#filters li {\r\n    float: left;\r\n    list-style-type: none !important;\r\n}\r\n\r\n#filters li:first-child span {\r\n    margin-left: 0px;\r\n}\r\n\r\n#filters li span {\r\n    display: block;\r\n    text-decoration: none;\r\n    cursor: pointer;\r\n}\r\n\r\n.album_categories {\r\n    list-style-type: none;\r\n    margin: 0;\r\n    padding: 0;\r\n    overflow: hidden;\r\n    padding-top: 5px;\r\n}\r\n\r\n\/*=========  sharing buttons  ============*\/\r\n\r\n.album_socials {\r\n    position: relative;\r\n    top: 3px;\r\n    width: 100px;\r\n    height: 28px;\r\n    margin: 0 auto;\r\n}\r\n\r\n.album_socials .rwd-share-buttons {\r\n    top: 0px !important;\r\n    width: 100% !important;\r\n    margin: 0px !important;\r\n}\r\n\r\n.album_socials a {\r\n    text-decoration: underline !important;\r\n}\r\n\r\n.gallery_images, .album_image_place {\r\n    margin-top: 15px;\r\n    margin-top: 15px;\r\n}\r\n\r\n#rwd-share-facebook:hover {\r\n    background-position: 0 -31px !important;\r\n}\r\n\r\n#rwd-share-twitter:hover {\r\n    background-position: -31px 32px !important;\r\n}\r\n\r\n#rwd-share-googleplus:hover {\r\n    background-position: -66px -31px !important;\r\n}\r\n\r\n.rwd-share-buttons li, .rwd-share-buttons li a {\r\n    width: 26px !important;\r\n    border: 0px !important;\r\n}\r\n\r\n.rwd-share-buttons {\r\n    top: 0 !important;\r\n}\r\n\r\n.img_link_btn {\r\n    position: absolute;\r\n    z-index: 99999;\r\n    bottom: 0;\r\n    left: 0;\r\n    right: 0;\r\n    width: 100%;\r\n    padding: 8px;\r\n}\r\n\r\n.rwd-title {\r\n    padding: 10px 0px !important;\r\n}\r\n\r\n@media only screen and (max-width: 475px) {\r\n    .rwd-share-buttons {\r\n        top: -25px !important;\r\n    }\r\n\r\n    .rwd-title-text {\r\n        line-height: 15px;\r\n    }\r\n}\r\n\r\n\/*=========  hover style ===========*\/\r\n\r\n#hover {\r\n    color: rgba(188, 175, 204, 0.9);\r\n}\r\n\r\nh2#testimonials {\r\n    color: #fffae3;\r\n}\r\n\r\ndiv#all {\r\n    width: 100%;\r\n    height: 100%;\r\n}\r\n\r\n.view img {\r\n    height: auto;\r\n}\r\n\r\n.view {\r\n    color: #fff;\r\n    margin: 0 10px 10px 0;\r\n    overflow: hidden;\r\n    position: relative;\r\n    text-align: center;\r\n    float: left;\r\n    cursor: default;\r\n    border: 1px solid #ccc;\r\n}\r\n\r\n.view-wrapper {\r\n    height: 100%;\r\n}\r\n\r\n.view img {\r\n    display: block;\r\n    position: relative;\r\n    transition: all 0.2s linear;\r\n    height: 100%;\r\n    width: auto;\r\n    max-width: 100%;\r\n    margin: 0 auto;\r\n}\r\n\r\n.mask-text h2 {\r\n    font-size: 20px !important;\r\n    margin-top: 20px !important;\r\n}\r\n\r\n\/* view 1 *\/\r\n\r\n.view-first .text-category, .view-first .mask-text h2, .view-first .mask-text p {\r\n    color: #fff;\r\n}\r\n\r\n\/*  view 2 *\/\r\n.view-second .text-category, .view-second .mask-text h2, .view-second p {\r\n    color: #333;\r\n}\r\n\r\n.view-second .mask-text h2 {\r\n    border-bottom: 1px solid #333;\r\n}\r\n\r\n\/* view 3*\/\r\n.view-third .mask {\r\n    background-color: #ccc;\r\n    transition: all 0.5s linear;\r\n    opacity: 0;\r\n    color: #333;\r\n}\r\n\r\n.view-third h2 {\r\n    border-bottom: 1px solid #333;\r\n    background: transparent;\r\n    margin: 20px 40px 0px 40px;\r\n    transform: scale(0);\r\n    color: #333;\r\n    transition: all 0.5s linear;\r\n    opacity: 0;\r\n}\r\n\r\n.view-third p {\r\n    color: #333;\r\n    opacity: 0;\r\n    transform: scale(0);\r\n    transition: all 0.5s linear;\r\n}\r\n\r\n.view-third .text-category {\r\n    color: #333;\r\n}\r\n\r\n\/* view 4 *\/\r\n\r\n.view-forth .mask-bg {\r\n    background: #333;\r\n    width: 100%;\r\n    height: 100%;\r\n    position: absolute;\r\n    top: 0;\r\n    left: 0;\r\n}\r\n\r\n.view-forth .mask-text {\r\n    color: #fff;\r\n    position: relative;\r\n    z-index: 500;\r\n    padding: 5px 8px;\r\n}\r\n\r\n.view-forth .mask-text h2 {\r\n    margin: 0px;\r\n    font-size: 13px;\r\n    padding: 2px;\r\n    color: #fff;\r\n}\r\n\r\n.view-forth .mask-text h2:hover {\r\n    cursor: pointer;\r\n}\r\n\r\n.view-forth .text-category {\r\n    display: block;\r\n    font-size: 15px;\r\n    color: #fff;\r\n}\r\n\r\n.view-forth p {\r\n    color: #fff;\r\n}\r\n\r\n\/* view 5 *\/\r\n.view-fifth .text-category, .view-fifth .text-category *, .view-fifth .mask-text h2, .view-fifth .mask-text p {\r\n    color: #fff;\r\n}\r\n\r\n<\/style><div class=\"video_view9_cont_wrapper gallery-img-content\" id=\"video_view9_cont_wrapper7\"\r\n\t data-content-per-page=\"5\"\r\n\t data-gallery-id=\"7\" \r\n\t data-rating-type=\"off\">\r\n\t<div id=\"video_view9_cont_list7\" class=\"video_view9_cont_list view-blog-style-gallery\">\r\n\t\t\t\t<input type=\"hidden\" id=\"total\" value=\"2\"\/>\r\n\t\t\t\t\t\t\t\t<div class=\"view9_container\">\r\n\t\t\t\t\t\t\t<input type=\"hidden\" class=\"pagenum\" value=\"1\"\/>\r\n\t\t\t\t\t\t\t<h1 class=\"new_view_title\"><\/h1>\r\n\t\t\t\t\t\t\t<div class=\"blog_img_wrapper\">\r\n\t\t\t\t\t\t\t\t<img decoding=\"async\" class=\"view9_img\" src=\"https:\/\/www.pascal-camurat.com\/wp-content\/uploads\/2016\/08\/PCamurat30.jpg\">\r\n\t\t\t\t\t\t\t\t\t\t\t\t\t\t\t<\/div>\r\n\t\t\t\t\t\t\t<div class=\"new_view_desc\"><\/div>\r\n\t\t\t\t\t\t\t\t\t\t\t\t\t<\/div>\r\n\t\t\t\t\t\t<div class=\"clear\"><\/div>\r\n\t\t\t\t\t\t\t\t\t\t\t\t<div class=\"view9_container\">\r\n\t\t\t\t\t\t\t<input type=\"hidden\" class=\"pagenum\" value=\"1\"\/>\r\n\t\t\t\t\t\t\t<h1 class=\"new_view_title\"><\/h1>\r\n\t\t\t\t\t\t\t<div class=\"blog_img_wrapper\">\r\n\t\t\t\t\t\t\t\t<img decoding=\"async\" class=\"view9_img\" src=\"https:\/\/www.pascal-camurat.com\/wp-content\/uploads\/2016\/08\/PCamurat29.jpg\">\r\n\t\t\t\t\t\t\t\t\t\t\t\t\t\t\t<\/div>\r\n\t\t\t\t\t\t\t<div class=\"new_view_desc\"><\/div>\r\n\t\t\t\t\t\t\t\t\t\t\t\t\t<\/div>\r\n\t\t\t\t\t\t<div class=\"clear\"><\/div>\r\n\t\t\t\t\t\t\t\t\t\t\t\t<div class=\"view9_container\">\r\n\t\t\t\t\t\t\t<input type=\"hidden\" class=\"pagenum\" value=\"1\"\/>\r\n\t\t\t\t\t\t\t<h1 class=\"new_view_title\"><\/h1>\r\n\t\t\t\t\t\t\t<div class=\"blog_img_wrapper\">\r\n\t\t\t\t\t\t\t\t<img decoding=\"async\" class=\"view9_img\" src=\"https:\/\/www.pascal-camurat.com\/wp-content\/uploads\/2016\/08\/PCamurat4.jpg\">\r\n\t\t\t\t\t\t\t\t\t\t\t\t\t\t\t<\/div>\r\n\t\t\t\t\t\t\t<div class=\"new_view_desc\"><\/div>\r\n\t\t\t\t\t\t\t\t\t\t\t\t\t<\/div>\r\n\t\t\t\t\t\t<div class=\"clear\"><\/div>\r\n\t\t\t\t\t\t\t\t\t\t\t\t<div class=\"view9_container\">\r\n\t\t\t\t\t\t\t<input type=\"hidden\" class=\"pagenum\" value=\"1\"\/>\r\n\t\t\t\t\t\t\t<h1 class=\"new_view_title\"><\/h1>\r\n\t\t\t\t\t\t\t<div class=\"blog_img_wrapper\">\r\n\t\t\t\t\t\t\t\t<img decoding=\"async\" class=\"view9_img\" src=\"https:\/\/www.pascal-camurat.com\/wp-content\/uploads\/2016\/08\/PCamurat22.jpg\">\r\n\t\t\t\t\t\t\t\t\t\t\t\t\t\t\t<\/div>\r\n\t\t\t\t\t\t\t<div class=\"new_view_desc\"><\/div>\r\n\t\t\t\t\t\t\t\t\t\t\t\t\t<\/div>\r\n\t\t\t\t\t\t<div class=\"clear\"><\/div>\r\n\t\t\t\t\t\t\t\t\t\t\t\t<div class=\"view9_container\">\r\n\t\t\t\t\t\t\t<input type=\"hidden\" class=\"pagenum\" value=\"1\"\/>\r\n\t\t\t\t\t\t\t<h1 class=\"new_view_title\"><\/h1>\r\n\t\t\t\t\t\t\t<div class=\"blog_img_wrapper\">\r\n\t\t\t\t\t\t\t\t<img decoding=\"async\" class=\"view9_img\" src=\"https:\/\/www.pascal-camurat.com\/wp-content\/uploads\/2016\/08\/PCamurat15.jpg\">\r\n\t\t\t\t\t\t\t\t\t\t\t\t\t\t\t<\/div>\r\n\t\t\t\t\t\t\t<div class=\"new_view_desc\"><\/div>\r\n\t\t\t\t\t\t\t\t\t\t\t\t\t<\/div>\r\n\t\t\t\t\t\t<div class=\"clear\"><\/div>\r\n\t\t\t\t\t\t\t\t\t\t\t\t<div class=\"view9_container\">\r\n\t\t\t\t\t\t\t<input type=\"hidden\" class=\"pagenum\" value=\"1\"\/>\r\n\t\t\t\t\t\t\t<h1 class=\"new_view_title\"><\/h1>\r\n\t\t\t\t\t\t\t<div class=\"blog_img_wrapper\">\r\n\t\t\t\t\t\t\t\t<img decoding=\"async\" class=\"view9_img\" src=\"https:\/\/www.pascal-camurat.com\/wp-content\/uploads\/2016\/08\/PCamurat26.jpg\">\r\n\t\t\t\t\t\t\t\t\t\t\t\t\t\t\t<\/div>\r\n\t\t\t\t\t\t\t<div class=\"new_view_desc\"><\/div>\r\n\t\t\t\t\t\t\t\t\t\t\t\t\t<\/div>\r\n\t\t\t\t\t\t<div class=\"clear\"><\/div>\r\n\t\t\t\t\t\t\t\t\t\t\t\t<div class=\"view9_container\">\r\n\t\t\t\t\t\t\t<input type=\"hidden\" class=\"pagenum\" value=\"1\"\/>\r\n\t\t\t\t\t\t\t<h1 class=\"new_view_title\"><\/h1>\r\n\t\t\t\t\t\t\t<div class=\"blog_img_wrapper\">\r\n\t\t\t\t\t\t\t\t<img decoding=\"async\" class=\"view9_img\" src=\"https:\/\/www.pascal-camurat.com\/wp-content\/uploads\/2016\/08\/PCamurat1.jpg\">\r\n\t\t\t\t\t\t\t\t\t\t\t\t\t\t\t<\/div>\r\n\t\t\t\t\t\t\t<div class=\"new_view_desc\"><\/div>\r\n\t\t\t\t\t\t\t\t\t\t\t\t\t<\/div>\r\n\t\t\t\t\t\t<div class=\"clear\"><\/div>\r\n\t\t\t\t\t\t\t\t\t\t\t\t<div class=\"view9_container\">\r\n\t\t\t\t\t\t\t<input type=\"hidden\" class=\"pagenum\" value=\"1\"\/>\r\n\t\t\t\t\t\t\t<h1 class=\"new_view_title\"><\/h1>\r\n\t\t\t\t\t\t\t<div class=\"blog_img_wrapper\">\r\n\t\t\t\t\t\t\t\t<img decoding=\"async\" class=\"view9_img\" src=\"https:\/\/www.pascal-camurat.com\/wp-content\/uploads\/2016\/07\/Collage-de-goupilles.jpg\">\r\n\t\t\t\t\t\t\t\t\t\t\t\t\t\t\t<\/div>\r\n\t\t\t\t\t\t\t<div class=\"new_view_desc\"><\/div>\r\n\t\t\t\t\t\t\t\t\t\t\t\t\t<\/div>\r\n\t\t\t\t\t\t<div class=\"clear\"><\/div>\r\n\t\t\t\t\t\t\t\t\t\t\t\t<div class=\"view9_container\">\r\n\t\t\t\t\t\t\t<input type=\"hidden\" class=\"pagenum\" value=\"1\"\/>\r\n\t\t\t\t\t\t\t<h1 class=\"new_view_title\"><\/h1>\r\n\t\t\t\t\t\t\t<div class=\"blog_img_wrapper\">\r\n\t\t\t\t\t\t\t\t<img decoding=\"async\" class=\"view9_img\" src=\"https:\/\/www.pascal-camurat.com\/wp-content\/uploads\/2016\/07\/Goupillage-de-bouton.jpg\">\r\n\t\t\t\t\t\t\t\t\t\t\t\t\t\t\t<\/div>\r\n\t\t\t\t\t\t\t<div class=\"new_view_desc\"><\/div>\r\n\t\t\t\t\t\t\t\t\t\t\t\t\t<\/div>\r\n\t\t\t\t\t\t<div class=\"clear\"><\/div>\r\n\t\t\t\t\t\t\t\t\t\t\t\t<div class=\"view9_container\">\r\n\t\t\t\t\t\t\t<input type=\"hidden\" class=\"pagenum\" value=\"1\"\/>\r\n\t\t\t\t\t\t\t<h1 class=\"new_view_title\"><\/h1>\r\n\t\t\t\t\t\t\t<div class=\"blog_img_wrapper\">\r\n\t\t\t\t\t\t\t\t<img decoding=\"async\" class=\"view9_img\" src=\"https:\/\/www.pascal-camurat.com\/wp-content\/uploads\/2015\/06\/aaarabotage.jpg\">\r\n\t\t\t\t\t\t\t\t\t\t\t\t\t\t\t<\/div>\r\n\t\t\t\t\t\t\t<div class=\"new_view_desc\"><\/div>\r\n\t\t\t\t\t\t\t\t\t\t\t\t\t<\/div>\r\n\t\t\t\t\t\t<div class=\"clear\"><\/div>\r\n\t\t\t\t\t\t\t<\/div>\r\n\t<\/div><style>\r\n.tview9_container .noBorder {\r\n    border: 0;\r\n}\r\n\r\n.view9_container:nth-last-child(3) {\r\n    margin-bottom: 0 !important;\r\n    padding-bottom: 0 !important;\r\n    border: none !important;\r\n}\r\n\r\n.view9_container {\r\n    width: 100%;\r\n    float: none;\r\nmargin:-27px auto;;\r\n    margin-bottom: 0px !important;\r\n    padding-bottom: 44px !important;\r\n    border-bottom: 0 px dotted #010457;\r\n}\r\n\r\n.iframe_cont {\r\n    position: relative;\r\n    width: 100%;\r\n    height: 0;\r\n    padding-bottom: 56.25%;\r\n}\r\n\r\n.view9_img {\r\n    display: block;\r\n    margin: 0 auto;\r\n    width: 100%\r\n}\r\n\r\n.new_view_title {\r\n    font-size: 18px !important;\r\n    color: #FFFFFF !important;\r\n;\r\ntext-align:left;;\r\n    padding-left: 5px;\r\n    background: rgba(0,0,0,0.7)  !important;\r\n}\r\n\r\n.new_view_desc ul {\r\n    list-style-type: none;\r\n}\r\n\r\n.new_view_desc {\r\n    margin-top: 15px;\r\n    font-size: 14px !important;\r\n    color: #000000 !important;\r\n;\r\ntext-align:justify;;\r\n    background: rgba(255,255,255,1)  !important;\r\n}\r\n\r\n.video_blog_view {\r\n    position: absolute;\r\n    top: 0;\r\n    left: 0;\r\n    width: 100%;\r\n    height: 100%;\r\n}\r\n\r\n.paginate {\r\n    font-size: 22px !important;\r\n    color: #1046B3 !important;\r\n    text-align: center;\r\n}\r\n\r\n.paginate a {\r\n    border-bottom: none !important;\r\n}\r\n\r\n.icon-style {\r\n    font-size: 18px !important;\r\n    color: #1046B3 !important;;\r\n}\r\n\r\n.load_more {\r\n    margin: 10px 0;\r\n    position: relative;\r\n    text-align: center;\r\n    width: 100%;\r\n}\r\n\r\n.load_more_button {\r\n    border-radius: 10px;\r\n    display: inline-block;\r\n    padding: 5px 15px;\r\n    font-size: 19px !important;\r\n    color: #Load More !important;\r\n    background: #5CADFF !important;\r\n    cursor: pointer;\r\n}\r\n\r\n.load_more_button:hover {\r\n    color: #D9D9D9 !important;\r\n    background: #8F827C !important;\r\n}\r\n\r\n.loading {\r\n    display: none;\r\n}\r\n\r\n.clear {\r\n    clear: both;\r\n}\r\n\r\n.blog_img_wrapper {\r\n    position: relative;\r\n}\r\n\r\n<\/style><\/p>","protected":false},"excerpt":{"rendered":"","protected":false},"author":3,"featured_media":0,"parent":0,"menu_order":0,"comment_status":"closed","ping_status":"closed","template":"templates\/homepage.php","meta":{"_exactmetrics_skip_tracking":false,"_exactmetrics_sitenote_active":false,"_exactmetrics_sitenote_note":"","_exactmetrics_sitenote_category":0,"footnotes":""},"yoast_head":"<!-- This site is optimized with the Yoast SEO plugin v23.4 - https:\/\/yoast.com\/wordpress\/plugins\/seo\/ -->\n<title>Pascal Camurat - luthier et archetier \u00e0 Montpellier depuis 1984<\/title>\n<meta name=\"description\" content=\"Je suis luthier et archetier, mon parcours professionnel a \u00e9t\u00e9 enrichi de toutes les facettes du m\u00e9tier : fabrication d\u2019instruments et d\u2019archets, haute restauration, commerce et expertise, r\u00e9glage d\u2019instruments d\u2019artistes professionnels.\" \/>\n<meta name=\"robots\" content=\"index, follow, max-snippet:-1, max-image-preview:large, max-video-preview:-1\" \/>\n<link rel=\"canonical\" href=\"https:\/\/www.pascal-camurat.com\/\" \/>\n<meta property=\"og:locale\" content=\"en_US\" \/>\n<meta property=\"og:type\" content=\"article\" \/>\n<meta property=\"og:title\" content=\"Pascal Camurat - luthier et archetier \u00e0 Montpellier depuis 1984\" \/>\n<meta property=\"og:description\" content=\"Je suis luthier et archetier, mon parcours professionnel a \u00e9t\u00e9 enrichi de toutes les facettes du m\u00e9tier : fabrication d\u2019instruments et d\u2019archets, haute restauration, commerce et expertise, r\u00e9glage d\u2019instruments d\u2019artistes professionnels.\" \/>\n<meta property=\"og:url\" content=\"https:\/\/www.pascal-camurat.com\/\" \/>\n<meta property=\"og:site_name\" content=\"Pascal Camurat\" \/>\n<meta property=\"article:modified_time\" content=\"2026-04-01T09:47:47+00:00\" \/>\n<meta name=\"twitter:card\" content=\"summary_large_image\" \/>\n<script type=\"application\/ld+json\" class=\"yoast-schema-graph\">{\"@context\":\"https:\/\/schema.org\",\"@graph\":[{\"@type\":\"WebPage\",\"@id\":\"https:\/\/www.pascal-camurat.com\/\",\"url\":\"https:\/\/www.pascal-camurat.com\/\",\"name\":\"Pascal Camurat - luthier et archetier \u00e0 Montpellier depuis 1984\",\"isPartOf\":{\"@id\":\"https:\/\/www.pascal-camurat.com\/#website\"},\"datePublished\":\"2015-06-05T08:40:39+00:00\",\"dateModified\":\"2026-04-01T09:47:47+00:00\",\"description\":\"Je suis luthier et archetier, mon parcours professionnel a \u00e9t\u00e9 enrichi de toutes les facettes du m\u00e9tier : fabrication d\u2019instruments et d\u2019archets, haute restauration, commerce et expertise, r\u00e9glage d\u2019instruments d\u2019artistes professionnels.\",\"breadcrumb\":{\"@id\":\"https:\/\/www.pascal-camurat.com\/#breadcrumb\"},\"inLanguage\":\"en-US\",\"potentialAction\":[{\"@type\":\"ReadAction\",\"target\":[\"https:\/\/www.pascal-camurat.com\/\"]}]},{\"@type\":\"BreadcrumbList\",\"@id\":\"https:\/\/www.pascal-camurat.com\/#breadcrumb\",\"itemListElement\":[{\"@type\":\"ListItem\",\"position\":1,\"name\":\"Accueil\",\"item\":\"https:\/\/www.pascal-camurat.com\/\"},{\"@type\":\"ListItem\",\"position\":2,\"name\":\"Accueil\"}]},{\"@type\":\"WebSite\",\"@id\":\"https:\/\/www.pascal-camurat.com\/#website\",\"url\":\"https:\/\/www.pascal-camurat.com\/\",\"name\":\"Pascal Camurat - Luthier & archetier\",\"description\":\"BOW MAKER &amp; LUTHIER in Montpellier      -         FRANCE\",\"potentialAction\":[{\"@type\":\"SearchAction\",\"target\":{\"@type\":\"EntryPoint\",\"urlTemplate\":\"https:\/\/www.pascal-camurat.com\/?s={search_term_string}\"},\"query-input\":{\"@type\":\"PropertyValueSpecification\",\"valueRequired\":true,\"valueName\":\"search_term_string\"}}],\"inLanguage\":\"en-US\"}]}<\/script>\n<!-- \/ Yoast SEO plugin. -->","yoast_head_json":{"title":"Pascal Camurat - luthier et archetier \u00e0 Montpellier depuis 1984","description":"Je suis luthier et archetier, mon parcours professionnel a \u00e9t\u00e9 enrichi de toutes les facettes du m\u00e9tier : fabrication d\u2019instruments et d\u2019archets, haute restauration, commerce et expertise, r\u00e9glage d\u2019instruments d\u2019artistes professionnels.","robots":{"index":"index","follow":"follow","max-snippet":"max-snippet:-1","max-image-preview":"max-image-preview:large","max-video-preview":"max-video-preview:-1"},"canonical":"https:\/\/www.pascal-camurat.com\/","og_locale":"en_US","og_type":"article","og_title":"Pascal Camurat - luthier et archetier \u00e0 Montpellier depuis 1984","og_description":"Je suis luthier et archetier, mon parcours professionnel a \u00e9t\u00e9 enrichi de toutes les facettes du m\u00e9tier : fabrication d\u2019instruments et d\u2019archets, haute restauration, commerce et expertise, r\u00e9glage d\u2019instruments d\u2019artistes professionnels.","og_url":"https:\/\/www.pascal-camurat.com\/","og_site_name":"Pascal Camurat","article_modified_time":"2026-04-01T09:47:47+00:00","twitter_card":"summary_large_image","schema":{"@context":"https:\/\/schema.org","@graph":[{"@type":"WebPage","@id":"https:\/\/www.pascal-camurat.com\/","url":"https:\/\/www.pascal-camurat.com\/","name":"Pascal Camurat - luthier et archetier \u00e0 Montpellier depuis 1984","isPartOf":{"@id":"https:\/\/www.pascal-camurat.com\/#website"},"datePublished":"2015-06-05T08:40:39+00:00","dateModified":"2026-04-01T09:47:47+00:00","description":"Je suis luthier et archetier, mon parcours professionnel a \u00e9t\u00e9 enrichi de toutes les facettes du m\u00e9tier : fabrication d\u2019instruments et d\u2019archets, haute restauration, commerce et expertise, r\u00e9glage d\u2019instruments d\u2019artistes professionnels.","breadcrumb":{"@id":"https:\/\/www.pascal-camurat.com\/#breadcrumb"},"inLanguage":"en-US","potentialAction":[{"@type":"ReadAction","target":["https:\/\/www.pascal-camurat.com\/"]}]},{"@type":"BreadcrumbList","@id":"https:\/\/www.pascal-camurat.com\/#breadcrumb","itemListElement":[{"@type":"ListItem","position":1,"name":"Accueil","item":"https:\/\/www.pascal-camurat.com\/"},{"@type":"ListItem","position":2,"name":"Accueil"}]},{"@type":"WebSite","@id":"https:\/\/www.pascal-camurat.com\/#website","url":"https:\/\/www.pascal-camurat.com\/","name":"Pascal Camurat - Luthier & archetier","description":"BOW MAKER &amp; LUTHIER in Montpellier      -         FRANCE","potentialAction":[{"@type":"SearchAction","target":{"@type":"EntryPoint","urlTemplate":"https:\/\/www.pascal-camurat.com\/?s={search_term_string}"},"query-input":{"@type":"PropertyValueSpecification","valueRequired":true,"valueName":"search_term_string"}}],"inLanguage":"en-US"}]}},"_links":{"self":[{"href":"https:\/\/www.pascal-camurat.com\/en\/wp-json\/wp\/v2\/pages\/11"}],"collection":[{"href":"https:\/\/www.pascal-camurat.com\/en\/wp-json\/wp\/v2\/pages"}],"about":[{"href":"https:\/\/www.pascal-camurat.com\/en\/wp-json\/wp\/v2\/types\/page"}],"author":[{"embeddable":true,"href":"https:\/\/www.pascal-camurat.com\/en\/wp-json\/wp\/v2\/users\/3"}],"replies":[{"embeddable":true,"href":"https:\/\/www.pascal-camurat.com\/en\/wp-json\/wp\/v2\/comments?post=11"}],"version-history":[{"count":21,"href":"https:\/\/www.pascal-camurat.com\/en\/wp-json\/wp\/v2\/pages\/11\/revisions"}],"predecessor-version":[{"id":1270,"href":"https:\/\/www.pascal-camurat.com\/en\/wp-json\/wp\/v2\/pages\/11\/revisions\/1270"}],"wp:attachment":[{"href":"https:\/\/www.pascal-camurat.com\/en\/wp-json\/wp\/v2\/media?parent=11"}],"curies":[{"name":"wp","href":"https:\/\/api.w.org\/{rel}","templated":true}]}}